{"id":41,"date":"2017-11-04T14:16:29","date_gmt":"2017-11-04T14:16:29","guid":{"rendered":"https:\/\/nova.galerija-dagmar.hr\/?page_id=41"},"modified":"2020-10-16T09:59:57","modified_gmt":"2020-10-16T08:59:57","slug":"o_nama","status":"publish","type":"page","link":"https:\/\/galerija-dagmar.hr\/en\/o_nama\/","title":{"rendered":"About us"},"content":{"rendered":"<p>At gallery DAGMAR you can find watercolour, oil &amp; acrylic paintings and graphics by Dagmar Franoli\u0107, along with acrylic paintings, colour drawings and unique handmade jewellery by Lena Franoli\u0107.<\/p>\n<p>Gallery DAGMAR is situated on Vela Placa, the main square of the historic district of Krk, a small picturesque citadel located on the south of the island Krk in the Adriatic.<\/p>\n<p><code>\n\t\t<!-- MasterSlider -->\n\t\t<div id=\"P_MS69f164e7d5087\" class=\"master-slider-parent msl ms-parent-id-7\" style=\"max-width:945px;\">\n\n\t\t\t\n\t\t\t<!-- MasterSlider Main -->\n\t\t\t<div id=\"MS69f164e7d5087\" class=\"master-slider ms-skin-default\" >\n\t\t\t\t \t\t\t\t \n\t\t\t\t<div  class=\"ms-slide\" data-delay=\"3\" data-fill-mode=\"fill\"  >\n\t\t\t\t\t<img data-recalc-dims=\"1\" decoding=\"async\" src=\"https:\/\/i0.wp.com\/galerija-dagmar.hr\/wp-content\/plugins\/master-slider\/public\/assets\/css\/blank.gif?w=1140&#038;ssl=1\" alt=\"\" title=\"\" data-src=\"https:\/\/galerija-dagmar.hr\/wp-content\/uploads\/2020\/03\/IMG_20180830_101956-1-800x480.jpg\" \/>\n\n\n\t<div class=\"ms-thumb\" ><div class=\"ms-tab-context\"><div class=\"&quot;ms-tab-context&quot;\"><\/div><\/div>\n<\/div>\n\t\t\t\t<\/div>\n\t\t\t\t<div  class=\"ms-slide\" data-delay=\"3\" data-fill-mode=\"fill\"  >\n\t\t\t\t\t<img data-recalc-dims=\"1\" decoding=\"async\" src=\"https:\/\/i0.wp.com\/galerija-dagmar.hr\/wp-content\/plugins\/master-slider\/public\/assets\/css\/blank.gif?w=1140&#038;ssl=1\" alt=\"\" title=\"\" data-src=\"https:\/\/galerija-dagmar.hr\/wp-content\/uploads\/2020\/03\/IMG_20170323_112716-800x480.jpg\" \/>\n\n\n\t<div class=\"ms-thumb\" ><div class=\"ms-tab-context\"><div class=\"&quot;ms-tab-context&quot;\"><\/div><\/div>\n<\/div>\n\t\t\t\t<\/div>\n\t\t\t\t<div  class=\"ms-slide\" data-delay=\"3\" data-fill-mode=\"fill\"  >\n\t\t\t\t\t<img data-recalc-dims=\"1\" decoding=\"async\" src=\"https:\/\/i0.wp.com\/galerija-dagmar.hr\/wp-content\/plugins\/master-slider\/public\/assets\/css\/blank.gif?w=1140&#038;ssl=1\" alt=\"\" title=\"\" data-src=\"https:\/\/galerija-dagmar.hr\/wp-content\/uploads\/2020\/03\/IMG_20170729_193802-800x480.jpg\" \/>\n\n\n\t<div class=\"ms-thumb\" ><div class=\"ms-tab-context\"><div class=\"&quot;ms-tab-context&quot;\"><\/div><\/div>\n<\/div>\n\t\t\t\t<\/div>\n\t\t\t\t<div  class=\"ms-slide\" data-delay=\"3\" data-fill-mode=\"fill\"  >\n\t\t\t\t\t<img data-recalc-dims=\"1\" decoding=\"async\" src=\"https:\/\/i0.wp.com\/galerija-dagmar.hr\/wp-content\/plugins\/master-slider\/public\/assets\/css\/blank.gif?w=1140&#038;ssl=1\" alt=\"\" title=\"\" data-src=\"https:\/\/galerija-dagmar.hr\/wp-content\/uploads\/2020\/03\/IMG_20180312_115957-800x480.jpg\" \/>\n\n\n\t<div class=\"ms-thumb\" ><div class=\"ms-tab-context\"><div class=\"&quot;ms-tab-context&quot;\"><\/div><\/div>\n<\/div>\n\t\t\t\t<\/div>\n\t\t\t\t<div  class=\"ms-slide\" data-delay=\"3\" data-fill-mode=\"fill\"  >\n\t\t\t\t\t<img data-recalc-dims=\"1\" decoding=\"async\" src=\"https:\/\/i0.wp.com\/galerija-dagmar.hr\/wp-content\/plugins\/master-slider\/public\/assets\/css\/blank.gif?w=1140&#038;ssl=1\" alt=\"\" title=\"\" data-src=\"https:\/\/galerija-dagmar.hr\/wp-content\/uploads\/2020\/03\/IMG_20180413_155549-800x480.jpg\" \/>\n\n\n\t<div class=\"ms-thumb\" ><div class=\"ms-tab-context\"><div class=\"&quot;ms-tab-context&quot;\"><\/div><\/div>\n<\/div>\n\t\t\t\t<\/div>\n\t\t\t\t<div  class=\"ms-slide\" data-delay=\"3\" data-fill-mode=\"fill\"  >\n\t\t\t\t\t<img data-recalc-dims=\"1\" decoding=\"async\" src=\"https:\/\/i0.wp.com\/galerija-dagmar.hr\/wp-content\/plugins\/master-slider\/public\/assets\/css\/blank.gif?w=1140&#038;ssl=1\" alt=\"\" title=\"\" data-src=\"https:\/\/galerija-dagmar.hr\/wp-content\/uploads\/2020\/03\/IMG_20180413_155658-800x480.jpg\" \/>\n\n\n\t<div class=\"ms-thumb\" ><div class=\"ms-tab-context\"><div class=\"&quot;ms-tab-context&quot;\"><\/div><\/div>\n<\/div>\n\t\t\t\t<\/div>\n\n\t\t\t<\/div>\n\t\t\t<!-- END MasterSlider Main -->\n\n\t\t\t \n\t\t<\/div>\n\t\t<!-- END MasterSlider -->\n\n\t\t<script>\n\t\t(function ( $ ) {\n\t\t\t\"use strict\";\n\n\t\t\t$(function () {\n\t\t\t\tvar masterslider_5087 = new MasterSlider();\n\n\t\t\t\t\/\/ slider controls\n\t\t\t\tmasterslider_5087.control('arrows'     ,{ autohide:false, overVideo:true  });\t\t\t\tmasterslider_5087.control('bullets'    ,{ autohide:true, overVideo:true, dir:'h', align:'bottom' , margin:10  });\n\n\t\t\t\tmasterslider_5087.control('circletimer',{ autohide:false, overVideo:true, color:'#434343', radius:10, stroke:3   });\n\t\t\t\tmasterslider_5087.control('timebar'    ,{ autohide:false, overVideo:true, align:'bottom', color:'#FFFFFF'  , width:4 });\n\t\t\t\t\/\/ slider setup\n\t\t\t\tmasterslider_5087.setup(\"MS69f164e7d5087\", {\n\t\t\t\t\t\twidth           : 800,\n\t\t\t\t\t\theight          : 480,\n\t\t\t\t\t\tminHeight       : 0,\n\t\t\t\t\t\tspace           : 0,\n\t\t\t\t\t\tstart           : 1,\n\t\t\t\t\t\tgrabCursor      : true,\n\t\t\t\t\t\tswipe           : true,\n\t\t\t\t\t\tmouse           : true,\n\t\t\t\t\t\tlayout          : \"boxed\",\n\t\t\t\t\t\twheel           : false,\n\t\t\t\t\t\tautoplay        : true,\n\t\t\t\t\t\tinstantStartLayers:false,\n\t\t\t\t\t\tloop            : true,\n\t\t\t\t\t\tshuffle         : false,\n\t\t\t\t\t\tpreload         : 0,\n\t\t\t\t\t\theightLimit     : true,\n\t\t\t\t\t\tautoHeight      : false,\n\t\t\t\t\t\tsmoothHeight    : true,\n\t\t\t\t\t\tendPause        : false,\n\t\t\t\t\t\toverPause       : true,\n\t\t\t\t\t\tfillMode        : \"fill\",\n\t\t\t\t\t\tcenterControls  : true,\n\t\t\t\t\t\tstartOnAppear   : false,\n\t\t\t\t\t\tlayersMode      : \"center\",\n\t\t\t\t\t\thideLayers      : false,\n\t\t\t\t\t\tfullscreenMargin: 0,\n\t\t\t\t\t\tspeed           : 20,\n\t\t\t\t\t\tdir             : \"h\",\n\t\t\t\t\t\tparallaxMode    : 'swipe',\n\t\t\t\t\t\tview            : \"basic\"\n\t\t\t\t});\n\n\t\t\t\t\n\t\t\t\twindow.masterslider_instances = window.masterslider_instances || [];\n\t\t\t\twindow.masterslider_instances.push( masterslider_5087 );\n\t\t\t });\n\n\t\t})(jQuery);\n\t\t<\/script>\n\n<\/code><\/p>\n<ul>\n<li>1997 &#8211; galerija DAGMAR is founded by Dagmar &amp; \u010cedomir Franoli\u0107,<\/li>\n<li>2001 &#8211; our exhibiting place on Vela Placa, in Krk is opened. The gallery showcases watercolours, acrylics, and oil paintings by Dagmar Franoli\u0107, and reproductions of old photographs from the archive of \u010cedomir Franoli\u0107.<\/li>\n<li>2005 &#8211; Lena Franoli\u0107 starts to exhibit her artwork in the gallery, and<\/li>\n<li>2015 becomes the owner of gallery DAGMAR.<\/li>\n<\/ul>\n","protected":false},"excerpt":{"rendered":"<p>At gallery DAGMAR you can find watercolour, oil &amp; acrylic paintings and graphics by Dagmar Franoli\u0107, along with acrylic paintings, &hellip; <a class=\"more-link\" href=\"https:\/\/galerija-dagmar.hr\/en\/o_nama\/\">More<\/a><\/p>\n","protected":false},"author":1,"featured_media":0,"parent":0,"menu_order":0,"comment_status":"closed","ping_status":"closed","template":"","meta":{"jetpack_post_was_ever_published":false,"footnotes":""},"class_list":["post-41","page","type-page","status-publish","hentry",""],"translation":{"provider":"WPGlobus","version":"3.0.2","language":"en","enabled_languages":["hr","en","de"],"languages":{"hr":{"title":true,"content":true,"excerpt":false},"en":{"title":true,"content":true,"excerpt":false},"de":{"title":true,"content":true,"excerpt":false}}},"yoast_head":"<!-- This site is optimized with the Yoast SEO plugin v27.5 - https:\/\/yoast.com\/product\/yoast-seo-wordpress\/ -->\n<title>About us - gallery Dagmar<\/title>\n<meta name=\"robots\" content=\"index, follow, max-snippet:-1, max-image-preview:large, max-video-preview:-1\" \/>\n<link rel=\"canonical\" href=\"https:\/\/galerija-dagmar.hr\/o_nama\/\" \/>\n<meta property=\"og:locale\" content=\"en_US\" \/>\n<meta property=\"og:type\" content=\"article\" \/>\n<meta property=\"og:title\" content=\"About us - gallery Dagmar\" \/>\n<meta property=\"og:url\" content=\"https:\/\/galerija-dagmar.hr\/o_nama\/\" \/>\n<meta property=\"og:site_name\" content=\"gallery Dagmar\" \/>\n<meta property=\"article:publisher\" content=\"https:\/\/www.facebook.com\/galerija-DAGMAR-262952014318\/\" \/>\n<meta property=\"article:modified_time\" content=\"2020-10-16T08:59:57+00:00\" \/>\n<meta property=\"og:image\" content=\"https:\/\/i0.wp.com\/galerija-dagmar.hr\/wp-content\/uploads\/2020\/03\/galerija-dagmar-fpg1.jpg?fit=800%2C480&ssl=1\" \/>\n\t<meta property=\"og:image:width\" content=\"800\" \/>\n\t<meta property=\"og:image:height\" content=\"480\" \/>\n\t<meta property=\"og:image:type\" content=\"image\/jpeg\" \/>\n<meta name=\"twitter:card\" content=\"summary_large_image\" \/>\n<meta name=\"twitter:label1\" content=\"Est. reading time\" \/>\n\t<meta name=\"twitter:data1\" content=\"2 minutes\" \/>\n<script type=\"application\/ld+json\" class=\"yoast-schema-graph\">{\"@context\":\"https:\\\/\\\/schema.org\",\"@graph\":[{\"@type\":\"WebPage\",\"@id\":\"https:\\\/\\\/galerija-dagmar.hr\\\/o_nama\\\/\",\"url\":\"https:\\\/\\\/galerija-dagmar.hr\\\/o_nama\\\/\",\"name\":\"About us - gallery Dagmar\",\"isPartOf\":{\"@id\":\"https:\\\/\\\/galerija-dagmar.hr\\\/de\\\/#website\"},\"datePublished\":\"2017-11-04T14:16:29+00:00\",\"dateModified\":\"2020-10-16T08:59:57+00:00\",\"breadcrumb\":{\"@id\":\"https:\\\/\\\/galerija-dagmar.hr\\\/o_nama\\\/#breadcrumb\"},\"inLanguage\":\"en-US\",\"potentialAction\":[{\"@type\":\"ReadAction\",\"target\":[\"https:\\\/\\\/galerija-dagmar.hr\\\/o_nama\\\/\"]}]},{\"@type\":\"BreadcrumbList\",\"@id\":\"https:\\\/\\\/galerija-dagmar.hr\\\/o_nama\\\/#breadcrumb\",\"itemListElement\":[{\"@type\":\"ListItem\",\"position\":1,\"name\":\"Home\",\"item\":\"https:\\\/\\\/galerija-dagmar.hr\\\/de\\\/\"},{\"@type\":\"ListItem\",\"position\":2,\"name\":\"O nama\"}]},{\"@type\":\"WebSite\",\"@id\":\"https:\\\/\\\/galerija-dagmar.hr\\\/de\\\/#website\",\"url\":\"https:\\\/\\\/galerija-dagmar.hr\\\/de\\\/\",\"name\":\"gallery Dagmar\",\"description\":\"a small art gallery featuring paintings &amp; handmade artisan jewellery\",\"publisher\":{\"@id\":\"https:\\\/\\\/galerija-dagmar.hr\\\/de\\\/#organization\"},\"potentialAction\":[{\"@type\":\"SearchAction\",\"target\":{\"@type\":\"EntryPoint\",\"urlTemplate\":\"https:\\\/\\\/galerija-dagmar.hr\\\/de\\\/?s={search_term_string}\"},\"query-input\":{\"@type\":\"PropertyValueSpecification\",\"valueRequired\":true,\"valueName\":\"search_term_string\"}}],\"inLanguage\":\"en-US\"},{\"@type\":\"Organization\",\"@id\":\"https:\\\/\\\/galerija-dagmar.hr\\\/de\\\/#organization\",\"name\":\"galerija DAGMAR\",\"url\":\"https:\\\/\\\/galerija-dagmar.hr\\\/de\\\/\",\"logo\":{\"@type\":\"ImageObject\",\"inLanguage\":\"en-US\",\"@id\":\"https:\\\/\\\/galerija-dagmar.hr\\\/de\\\/#\\\/schema\\\/logo\\\/image\\\/\",\"url\":\"https:\\\/\\\/i1.wp.com\\\/galerija-dagmar.hr\\\/wp-content\\\/uploads\\\/2017\\\/11\\\/icon-gD.jpg?fit=512%2C512&ssl=1\",\"contentUrl\":\"https:\\\/\\\/i1.wp.com\\\/galerija-dagmar.hr\\\/wp-content\\\/uploads\\\/2017\\\/11\\\/icon-gD.jpg?fit=512%2C512&ssl=1\",\"width\":512,\"height\":512,\"caption\":\"galerija DAGMAR\"},\"image\":{\"@id\":\"https:\\\/\\\/galerija-dagmar.hr\\\/de\\\/#\\\/schema\\\/logo\\\/image\\\/\"},\"sameAs\":[\"https:\\\/\\\/www.facebook.com\\\/galerija-DAGMAR-262952014318\\\/\",\"https:\\\/\\\/www.instagram.com\\\/lena_franolic\\\/\",\"https:\\\/\\\/hr.linkedin.com\\\/in\\\/lena-franoli\u0107-39a25b109\"]}]}<\/script>\n<!-- \/ Yoast SEO plugin. -->","yoast_head_json":{"title":"About us - gallery Dagmar","robots":{"index":"index","follow":"follow","max-snippet":"max-snippet:-1","max-image-preview":"max-image-preview:large","max-video-preview":"max-video-preview:-1"},"canonical":"https:\/\/galerija-dagmar.hr\/o_nama\/","og_locale":"en_US","og_type":"article","og_title":"About us - gallery Dagmar","og_url":"https:\/\/galerija-dagmar.hr\/o_nama\/","og_site_name":"gallery Dagmar","article_publisher":"https:\/\/www.facebook.com\/galerija-DAGMAR-262952014318\/","article_modified_time":"2020-10-16T08:59:57+00:00","og_image":[{"width":800,"height":480,"url":"https:\/\/i0.wp.com\/galerija-dagmar.hr\/wp-content\/uploads\/2020\/03\/galerija-dagmar-fpg1.jpg?fit=800%2C480&ssl=1","type":"image\/jpeg"}],"twitter_card":"summary_large_image","twitter_misc":{"Est. reading time":"2 minutes"},"schema":{"@context":"https:\/\/schema.org","@graph":[{"@type":"WebPage","@id":"https:\/\/galerija-dagmar.hr\/o_nama\/","url":"https:\/\/galerija-dagmar.hr\/o_nama\/","name":"About us - gallery Dagmar","isPartOf":{"@id":"https:\/\/galerija-dagmar.hr\/de\/#website"},"datePublished":"2017-11-04T14:16:29+00:00","dateModified":"2020-10-16T08:59:57+00:00","breadcrumb":{"@id":"https:\/\/galerija-dagmar.hr\/o_nama\/#breadcrumb"},"inLanguage":"en-US","potentialAction":[{"@type":"ReadAction","target":["https:\/\/galerija-dagmar.hr\/o_nama\/"]}]},{"@type":"BreadcrumbList","@id":"https:\/\/galerija-dagmar.hr\/o_nama\/#breadcrumb","itemListElement":[{"@type":"ListItem","position":1,"name":"Home","item":"https:\/\/galerija-dagmar.hr\/de\/"},{"@type":"ListItem","position":2,"name":"O nama"}]},{"@type":"WebSite","@id":"https:\/\/galerija-dagmar.hr\/de\/#website","url":"https:\/\/galerija-dagmar.hr\/de\/","name":"gallery Dagmar","description":"a small art gallery featuring paintings &amp; handmade artisan jewellery","publisher":{"@id":"https:\/\/galerija-dagmar.hr\/de\/#organization"},"potentialAction":[{"@type":"SearchAction","target":{"@type":"EntryPoint","urlTemplate":"https:\/\/galerija-dagmar.hr\/de\/?s={search_term_string}"},"query-input":{"@type":"PropertyValueSpecification","valueRequired":true,"valueName":"search_term_string"}}],"inLanguage":"en-US"},{"@type":"Organization","@id":"https:\/\/galerija-dagmar.hr\/de\/#organization","name":"galerija DAGMAR","url":"https:\/\/galerija-dagmar.hr\/de\/","logo":{"@type":"ImageObject","inLanguage":"en-US","@id":"https:\/\/galerija-dagmar.hr\/de\/#\/schema\/logo\/image\/","url":"https:\/\/i1.wp.com\/galerija-dagmar.hr\/wp-content\/uploads\/2017\/11\/icon-gD.jpg?fit=512%2C512&ssl=1","contentUrl":"https:\/\/i1.wp.com\/galerija-dagmar.hr\/wp-content\/uploads\/2017\/11\/icon-gD.jpg?fit=512%2C512&ssl=1","width":512,"height":512,"caption":"galerija DAGMAR"},"image":{"@id":"https:\/\/galerija-dagmar.hr\/de\/#\/schema\/logo\/image\/"},"sameAs":["https:\/\/www.facebook.com\/galerija-DAGMAR-262952014318\/","https:\/\/www.instagram.com\/lena_franolic\/","https:\/\/hr.linkedin.com\/in\/lena-franoli\u0107-39a25b109"]}]}},"jetpack_shortlink":"https:\/\/wp.me\/P9lzEB-F","jetpack_sharing_enabled":true,"_links":{"self":[{"href":"https:\/\/galerija-dagmar.hr\/en\/wp-json\/wp\/v2\/pages\/41","targetHints":{"allow":["GET"]}}],"collection":[{"href":"https:\/\/galerija-dagmar.hr\/en\/wp-json\/wp\/v2\/pages"}],"about":[{"href":"https:\/\/galerija-dagmar.hr\/en\/wp-json\/wp\/v2\/types\/page"}],"author":[{"embeddable":true,"href":"https:\/\/galerija-dagmar.hr\/en\/wp-json\/wp\/v2\/users\/1"}],"replies":[{"embeddable":true,"href":"https:\/\/galerija-dagmar.hr\/en\/wp-json\/wp\/v2\/comments?post=41"}],"version-history":[{"count":0,"href":"https:\/\/galerija-dagmar.hr\/en\/wp-json\/wp\/v2\/pages\/41\/revisions"}],"wp:attachment":[{"href":"https:\/\/galerija-dagmar.hr\/en\/wp-json\/wp\/v2\/media?parent=41"}],"curies":[{"name":"wp","href":"https:\/\/api.w.org\/{rel}","templated":true}]}}